{"id":60116,"date":"2024-05-08T11:23:58","date_gmt":"2024-05-08T11:23:58","guid":{"rendered":"https:\/\/www.ash.es\/botiga-ies-josep-font-trias\/?post_type=product&#038;p=60116"},"modified":"2026-03-19T11:21:22","modified_gmt":"2026-03-19T10:21:22","slug":"kasko-49-mesos-amb-danys-accidentals","status":"publish","type":"product","link":"https:\/\/www.ash.es\/botiga-ies-josep-font-trias\/producto\/kasko-49-mesos-amb-danys-accidentals\/","title":{"rendered":"KASKO 48 mesos amb danys accidentals"},"content":{"rendered":"<p>Aquest paquet de servei ofereix cobertura completa per a danys accidentals durant l&#8217;\u00fas normal del producte, incloent caigudes, cops, danys per l\u00edquids i sobrec\u00e0rregues el\u00e8ctriques. Els serveis de reparaci\u00f3 s\u00f3n limitats i no excediran el preu de compra del producte. Les peces reparades o substitu\u00efdes estaran garantides durant tres mesos o pel temps restant de la garantia, segons correspongui. Es requereix proporcionar detalls precisos de l&#8217;incident per fer una reclamaci\u00f3, sin\u00f3 ser\u00e0 rebutjada. Exclou problemes de programari i certes circumst\u00e0ncies com modificacions no autoritzades, danys per esdeveniments extrems, \u00fas indegut, entre d&#8217;altres.<\/p>\n<p><a href=\"https:\/\/ash.es\/wp-content\/uploads\/2025\/05\/Extensio-garantia-Asus.pdf\" class=\"mtli_attachment mtli_pdf\">https:\/\/ash.es\/wp-content\/uploads\/2025\/05\/Extensio-garantia-Asus.pdf<\/a><\/p>\n","protected":false},"excerpt":{"rendered":"<p>Aquest paquet de servei ofereix cobertura completa per a danys accidentals durant l&#8217;\u00fas normal del producte, incloent caigudes, cops, danys per l\u00edquids i sobrec\u00e0rregues el\u00e8ctriques. Els serveis de reparaci\u00f3 s\u00f3n limitats i no excediran el preu de compra del producte. &hellip;<\/p>\n<p class=\"read-more\"> <a class=\"more-link\" href=\"https:\/\/www.ash.es\/botiga-ies-josep-font-trias\/producto\/kasko-49-mesos-amb-danys-accidentals\/\"> <span class=\"screen-reader-text\">KASKO 48 mesos amb danys accidentals<\/span> Llegir m\u00e9s &raquo;<\/a><\/p>\n","protected":false},"featured_media":60115,"template":"","meta":[],"product_brand":[],"product_cat":[15],"product_tag":[],"class_list":{"0":"post-60116","1":"product","2":"type-product","3":"status-publish","4":"has-post-thumbnail","6":"product_cat-sense-categoria","8":"first","9":"instock","10":"taxable","11":"shipping-taxable","12":"purchasable","13":"product-type-simple"},"_links":{"self":[{"href":"https:\/\/www.ash.es\/botiga-ies-josep-font-trias\/wp-json\/wp\/v2\/product\/60116","targetHints":{"allow":["GET"]}}],"collection":[{"href":"https:\/\/www.ash.es\/botiga-ies-josep-font-trias\/wp-json\/wp\/v2\/product"}],"about":[{"href":"https:\/\/www.ash.es\/botiga-ies-josep-font-trias\/wp-json\/wp\/v2\/types\/product"}],"wp:featuredmedia":[{"embeddable":true,"href":"https:\/\/www.ash.es\/botiga-ies-josep-font-trias\/wp-json\/wp\/v2\/media\/60115"}],"wp:attachment":[{"href":"https:\/\/www.ash.es\/botiga-ies-josep-font-trias\/wp-json\/wp\/v2\/media?parent=60116"}],"wp:term":[{"taxonomy":"product_brand","embeddable":true,"href":"https:\/\/www.ash.es\/botiga-ies-josep-font-trias\/wp-json\/wp\/v2\/product_brand?post=60116"},{"taxonomy":"product_cat","embeddable":true,"href":"https:\/\/www.ash.es\/botiga-ies-josep-font-trias\/wp-json\/wp\/v2\/product_cat?post=60116"},{"taxonomy":"product_tag","embeddable":true,"href":"https:\/\/www.ash.es\/botiga-ies-josep-font-trias\/wp-json\/wp\/v2\/product_tag?post=60116"}],"curies":[{"name":"wp","href":"https:\/\/api.w.org\/{rel}","templated":true}]}}