{"id":60113,"date":"2024-05-08T11:19:03","date_gmt":"2024-05-08T11:19:03","guid":{"rendered":"https:\/\/www.ash.es\/botiga-ies-josep-font-trias\/?post_type=product&#038;p=60113"},"modified":"2026-03-19T12:21:37","modified_gmt":"2026-03-19T11:21:37","slug":"asus-chrome-11-6-no-touch-4gb-32gb","status":"publish","type":"product","link":"https:\/\/www.ash.es\/botiga-ies-josep-font-trias\/producto\/asus-chrome-11-6-no-touch-4gb-32gb\/","title":{"rendered":"Asus Chrome 11.6 no-Touch, 4GB 64gb"},"content":{"rendered":"<p>L&#8217;ASUS CZ1104CM4A-MZ0078 est\u00e0 dissenyat per a sobreviure en els entorns m\u00e9s dif\u00edcils. Constru\u00eft segons els est\u00e0ndards de qualitat militar, ve carregat d&#8217;enginyoses caracter\u00edstiques de protecci\u00f3 que inclouen un paracops de goma, un teclat resistent a esquitxades i ports molt resistents. El BR1100CKA tamb\u00e9 suporta connectivitat d&#8217;alta velocitat (Wi-Fi 5), compta amb cancel\u00b7laci\u00f3 de soroll assistida per IA per a millorar la qualitat de l&#8217;aprenentatge a dist\u00e0ncia, una bateria de llarga durada i un disseny modular que facilita el seu manteniment en qualsevol lloc.<\/p>\n<p>Caracter\u00edstiques t\u00e8cniques:<br \/>\n-Media Teck 8189G<br \/>\n-Mem\u00f2ria 4GB de RAM<br \/>\n-SSD 64GB<br \/>\n-Pantalla t\u00e0ctil de 11,6&#8243;<br \/>\n-Wi-Fi 5 i bluetooth 5.0<br \/>\n-Port USB-C 3.2, USB-A 3.2 i USB-A 2.0<br \/>\n-HDMI 1.4<br \/>\n-1.26 kg de pes total<br \/>\n-Bateria de fins a 11 hores<br \/>\n-ChromeOS<br \/>\n-C\u00e0non digital incl\u00f2s<\/p>\n<p>&nbsp;<\/p>\n","protected":false},"excerpt":{"rendered":"<p>L&#8217;ASUS CZ1104CM4A-MZ0078 est\u00e0 dissenyat per a sobreviure en els entorns m\u00e9s dif\u00edcils. Constru\u00eft segons els est\u00e0ndards de qualitat militar, ve carregat d&#8217;enginyoses caracter\u00edstiques de protecci\u00f3 que inclouen un paracops de goma, un teclat resistent a esquitxades i ports molt resistents. &hellip;<\/p>\n<p class=\"read-more\"> <a class=\"more-link\" href=\"https:\/\/www.ash.es\/botiga-ies-josep-font-trias\/producto\/asus-chrome-11-6-no-touch-4gb-32gb\/\"> <span class=\"screen-reader-text\">Asus Chrome 11.6 no-Touch, 4GB 64gb<\/span> Llegir m\u00e9s &raquo;<\/a><\/p>\n","protected":false},"featured_media":197,"template":"","meta":[],"product_brand":[],"product_cat":[20],"product_tag":[],"class_list":{"0":"post-60113","1":"product","2":"type-product","3":"status-publish","4":"has-post-thumbnail","6":"product_cat-ordinador","8":"first","9":"instock","10":"taxable","11":"shipping-taxable","12":"purchasable","13":"product-type-simple"},"_links":{"self":[{"href":"https:\/\/www.ash.es\/botiga-ies-josep-font-trias\/wp-json\/wp\/v2\/product\/60113","targetHints":{"allow":["GET"]}}],"collection":[{"href":"https:\/\/www.ash.es\/botiga-ies-josep-font-trias\/wp-json\/wp\/v2\/product"}],"about":[{"href":"https:\/\/www.ash.es\/botiga-ies-josep-font-trias\/wp-json\/wp\/v2\/types\/product"}],"wp:featuredmedia":[{"embeddable":true,"href":"https:\/\/www.ash.es\/botiga-ies-josep-font-trias\/wp-json\/wp\/v2\/media\/197"}],"wp:attachment":[{"href":"https:\/\/www.ash.es\/botiga-ies-josep-font-trias\/wp-json\/wp\/v2\/media?parent=60113"}],"wp:term":[{"taxonomy":"product_brand","embeddable":true,"href":"https:\/\/www.ash.es\/botiga-ies-josep-font-trias\/wp-json\/wp\/v2\/product_brand?post=60113"},{"taxonomy":"product_cat","embeddable":true,"href":"https:\/\/www.ash.es\/botiga-ies-josep-font-trias\/wp-json\/wp\/v2\/product_cat?post=60113"},{"taxonomy":"product_tag","embeddable":true,"href":"https:\/\/www.ash.es\/botiga-ies-josep-font-trias\/wp-json\/wp\/v2\/product_tag?post=60113"}],"curies":[{"name":"wp","href":"https:\/\/api.w.org\/{rel}","templated":true}]}}