{"id":24,"date":"2022-06-23T10:52:41","date_gmt":"2022-06-23T10:52:41","guid":{"rendered":"https:\/\/www.ash.es\/tenda-col-sagratcor-palma\/?post_type=product&#038;p=24"},"modified":"2026-03-19T12:29:27","modified_gmt":"2026-03-19T11:29:27","slug":"ratoli-mini-sense-fil-iggual-wom-basic-negre","status":"publish","type":"product","link":"https:\/\/www.ash.es\/botiga-ies-josep-font-trias\/producto\/ratoli-mini-sense-fil-iggual-wom-basic-negre\/","title":{"rendered":"Ratol\u00ed  mini sense fil Iggual Wom-Basic negre"},"content":{"rendered":"<p>Caracter\u00edstiques:<\/p>\n<p>&#8211; 1600 DPI<br \/>\n&#8211; Disseny ergon\u00f2mic<br \/>\n&#8211; 3 botons<br \/>\n&#8211; Roda de despla\u00e7ament<br \/>\n&#8211;\u00a0Nano\u00a0receptor sense fil USB incl\u00f2s<br \/>\n&#8211; Connexi\u00f3 sense fil 2,4\u00a0GHz<br \/>\n&#8211; Compatible amb Windows,\u00a0macOS, Linux<br \/>\n&#8211; 2 piles alcalines\u00a0AAA\u00a01,5V<br \/>\n&#8211; Color negre<\/p>\n","protected":false},"excerpt":{"rendered":"<p>Caracter\u00edstiques: &#8211; 1600 DPI &#8211; Disseny ergon\u00f2mic &#8211; 3 botons &#8211; Roda de despla\u00e7ament &#8211;\u00a0Nano\u00a0receptor sense fil USB incl\u00f2s &#8211; Connexi\u00f3 sense fil 2,4\u00a0GHz &#8211; Compatible amb Windows,\u00a0macOS, Linux &#8211; 2 piles alcalines\u00a0AAA\u00a01,5V &#8211; Color negre<\/p>\n","protected":false},"featured_media":32,"template":"","meta":[],"product_brand":[],"product_cat":[18],"product_tag":[],"class_list":{"0":"post-24","1":"product","2":"type-product","3":"status-publish","4":"has-post-thumbnail","6":"product_cat-ratoli","8":"first","9":"instock","10":"taxable","11":"shipping-taxable","12":"purchasable","13":"product-type-simple"},"_links":{"self":[{"href":"https:\/\/www.ash.es\/botiga-ies-josep-font-trias\/wp-json\/wp\/v2\/product\/24","targetHints":{"allow":["GET"]}}],"collection":[{"href":"https:\/\/www.ash.es\/botiga-ies-josep-font-trias\/wp-json\/wp\/v2\/product"}],"about":[{"href":"https:\/\/www.ash.es\/botiga-ies-josep-font-trias\/wp-json\/wp\/v2\/types\/product"}],"wp:featuredmedia":[{"embeddable":true,"href":"https:\/\/www.ash.es\/botiga-ies-josep-font-trias\/wp-json\/wp\/v2\/media\/32"}],"wp:attachment":[{"href":"https:\/\/www.ash.es\/botiga-ies-josep-font-trias\/wp-json\/wp\/v2\/media?parent=24"}],"wp:term":[{"taxonomy":"product_brand","embeddable":true,"href":"https:\/\/www.ash.es\/botiga-ies-josep-font-trias\/wp-json\/wp\/v2\/product_brand?post=24"},{"taxonomy":"product_cat","embeddable":true,"href":"https:\/\/www.ash.es\/botiga-ies-josep-font-trias\/wp-json\/wp\/v2\/product_cat?post=24"},{"taxonomy":"product_tag","embeddable":true,"href":"https:\/\/www.ash.es\/botiga-ies-josep-font-trias\/wp-json\/wp\/v2\/product_tag?post=24"}],"curies":[{"name":"wp","href":"https:\/\/api.w.org\/{rel}","templated":true}]}}