{"id":190,"date":"2023-06-01T07:55:35","date_gmt":"2023-06-01T07:55:35","guid":{"rendered":"https:\/\/www.ash.es\/tenda-col-sagratcor-palma\/?post_type=product&#038;p=190"},"modified":"2024-05-24T14:25:59","modified_gmt":"2024-05-24T14:25:59","slug":"ratoli-optic-iggual-com-basic-800dpi-negre","status":"publish","type":"product","link":"https:\/\/www.ash.es\/botiga-ies-josep-font-trias\/producto\/ratoli-optic-iggual-com-basic-800dpi-negre\/","title":{"rendered":"Ratol\u00ed \u00f3ptic Iggual  XS-KIDS 16000DPI negre"},"content":{"rendered":"<p>Caracter\u00edstiques<\/p>\n<p>&#8211; 1600 DPI<br \/>\n&#8211; Connexi\u00f3 USB<br \/>\n&#8211; Disseny ergon\u00f2mic XS<br \/>\n&#8211; 3 botons<br \/>\n&#8211; Roda de despla\u00e7ament<br \/>\n&#8211; Longitud del cable: 1,20 m<br \/>\n&#8211; Grand\u00e0ria: 10 X 5,8 X 3,5 cm<br \/>\n&#8211; Compatible amb Windows, macOS, Linux<br \/>\n&#8211; Color: negre<\/p>\n","protected":false},"excerpt":{"rendered":"<p>Caracter\u00edstiques &#8211; 1600 DPI &#8211; Connexi\u00f3 USB &#8211; Disseny ergon\u00f2mic XS &#8211; 3 botons &#8211; Roda de despla\u00e7ament &#8211; Longitud del cable: 1,20 m &#8211; Grand\u00e0ria: 10 X 5,8 X 3,5 cm &#8211; Compatible amb Windows, macOS, Linux &#8211; Color: &hellip;<\/p>\n<p class=\"read-more\"> <a class=\"more-link\" href=\"https:\/\/www.ash.es\/botiga-ies-josep-font-trias\/producto\/ratoli-optic-iggual-com-basic-800dpi-negre\/\"> <span class=\"screen-reader-text\">Ratol\u00ed \u00f3ptic Iggual  XS-KIDS 16000DPI negre<\/span> Llegir m\u00e9s &raquo;<\/a><\/p>\n","protected":false},"featured_media":60126,"template":"","meta":[],"product_brand":[],"product_cat":[18],"product_tag":[],"class_list":{"0":"post-190","1":"product","2":"type-product","3":"status-publish","4":"has-post-thumbnail","6":"product_cat-ratoli","8":"first","9":"instock","10":"taxable","11":"shipping-taxable","12":"purchasable","13":"product-type-simple"},"_links":{"self":[{"href":"https:\/\/www.ash.es\/botiga-ies-josep-font-trias\/wp-json\/wp\/v2\/product\/190","targetHints":{"allow":["GET"]}}],"collection":[{"href":"https:\/\/www.ash.es\/botiga-ies-josep-font-trias\/wp-json\/wp\/v2\/product"}],"about":[{"href":"https:\/\/www.ash.es\/botiga-ies-josep-font-trias\/wp-json\/wp\/v2\/types\/product"}],"wp:featuredmedia":[{"embeddable":true,"href":"https:\/\/www.ash.es\/botiga-ies-josep-font-trias\/wp-json\/wp\/v2\/media\/60126"}],"wp:attachment":[{"href":"https:\/\/www.ash.es\/botiga-ies-josep-font-trias\/wp-json\/wp\/v2\/media?parent=190"}],"wp:term":[{"taxonomy":"product_brand","embeddable":true,"href":"https:\/\/www.ash.es\/botiga-ies-josep-font-trias\/wp-json\/wp\/v2\/product_brand?post=190"},{"taxonomy":"product_cat","embeddable":true,"href":"https:\/\/www.ash.es\/botiga-ies-josep-font-trias\/wp-json\/wp\/v2\/product_cat?post=190"},{"taxonomy":"product_tag","embeddable":true,"href":"https:\/\/www.ash.es\/botiga-ies-josep-font-trias\/wp-json\/wp\/v2\/product_tag?post=190"}],"curies":[{"name":"wp","href":"https:\/\/api.w.org\/{rel}","templated":true}]}}